{"id":34,"date":"2020-04-08T17:37:10","date_gmt":"2020-04-08T17:37:10","guid":{"rendered":"http:\/\/iblackner.de\/?page_id=34"},"modified":"2026-03-31T10:17:46","modified_gmt":"2026-03-31T10:17:46","slug":"kontaktdaten-2","status":"publish","type":"page","link":"https:\/\/iblackner.de\/?page_id=34","title":{"rendered":"\u00d6ffnungszeiten"},"content":{"rendered":"\r\n<p style=\"font-size: 17px;\"><strong><em>Pr\u00fcfstelle V\u00f6hringen (neben Kaufland) <br \/><\/em><\/strong><\/p>\r\n<p style=\"font-size: 17px;\"><em>&#8212; Ulmer Str. 70 &#8212; 89269 V\u00f6hringen<\/em><\/p>\r\n<p>***Zahlung bar oder mit EC-Karte m\u00f6glich***<\/p>\r\n\r\n\r\n\r\n<p><em><strong>Mo &#8211; Fr :\u00a0 9 &#8211; 17 Uhr <span style=\"color: #ff0000;\">*<\/span><\/strong><\/em><\/p>\r\n<p><em><strong>\r\n\r\n<\/strong><\/em><\/p>\r\n<p><em><strong>Sa :\u00a0\u00a0\u00a0\u00a0\u00a0\u00a0\u00a0\u00a0\u00a0\u00a0\u00a0\u00a0 9 &#8211; 13 Uhr<\/strong><\/em><\/p>\r\n<p><em><strong><span style=\"color: #ff0000;\">* <\/span>Samstag 04<\/strong><\/em><em><strong>.04.\u00a0 GESCHLOSSEN<\/strong><\/em><\/p>\r\n<p><span style=\"color: #808080;\"><em><strong>Pr\u00fcfstelle Illertissen (gegen\u00fcber Posthalterhaus)<br \/><\/strong><\/em><\/span><\/p>\r\n<p><span style=\"color: #808080;\"><em>&#8212; Memminger Str. 19 &#8212; 89257 Illertissen <\/em><\/span><\/p>\r\n<p><span style=\"color: #808080;\">*** keine Kartenzahlung m\u00f6glich*** bitte an Bargeld denken***<\/span><\/p>\r\n<p><span style=\"color: #808080;\"><em><strong>Mo &#8211; Fr :\u00a0 13- 18 Uhr <span style=\"color: #ff0000;\"><span style=\"color: #ffff00;\">*<\/span>\u00a0<\/span><\/strong><\/em><\/span><\/p>\r\n<p>&nbsp;<\/p>\r\n<p>&nbsp;<\/p>\r\n<p>&nbsp;<\/p>\r\n<p><strong><span style=\"color: #808080;\">\u00a0<\/span><\/strong><\/p>\r\n<p>&nbsp;<\/p>\r\n<p><strong>\u00a0<\/strong><\/p>\r\n<p>&nbsp;<\/p>\r\n<p>&nbsp;<\/p>\r\n<p><span style=\"color: #ff0000;\"><em><strong>\u00a0<\/strong><\/em><\/span><\/p>\r\n\r\n\r\n","protected":false},"excerpt":{"rendered":"<p>Pr\u00fcfstelle V\u00f6hringen (neben Kaufland) &#8212; Ulmer Str. 70 &#8212; 89269 V\u00f6hringen ***Zahlung bar oder mit EC-Karte m\u00f6glich*** Mo &#8211; Fr :\u00a0 9 &#8211; 17 Uhr * Sa :\u00a0\u00a0\u00a0\u00a0\u00a0\u00a0\u00a0\u00a0\u00a0\u00a0\u00a0\u00a0 9 &#8211; 13 Uhr * Samstag 04.04.\u00a0 GESCHLOSSEN Pr\u00fcfstelle Illertissen (gegen\u00fcber Posthalterhaus) &#8212; Memminger Str. 19 &#8212; 89257 Illertissen *** keine Kartenzahlung m\u00f6glich*** bitte an Bargeld denken*** &hellip; <\/p>\n<p class=\"link-more\"><a href=\"https:\/\/iblackner.de\/?page_id=34\" class=\"more-link\"><span class=\"screen-reader-text\">\u201e\u00d6ffnungszeiten\u201c<\/span> weiterlesen<\/a><\/p>\n","protected":false},"author":1,"featured_media":0,"parent":0,"menu_order":0,"comment_status":"closed","ping_status":"closed","template":"","meta":{"footnotes":""},"class_list":["post-34","page","type-page","status-publish","hentry"],"_links":{"self":[{"href":"https:\/\/iblackner.de\/index.php?rest_route=\/wp\/v2\/pages\/34","targetHints":{"allow":["GET"]}}],"collection":[{"href":"https:\/\/iblackner.de\/index.php?rest_route=\/wp\/v2\/pages"}],"about":[{"href":"https:\/\/iblackner.de\/index.php?rest_route=\/wp\/v2\/types\/page"}],"author":[{"embeddable":true,"href":"https:\/\/iblackner.de\/index.php?rest_route=\/wp\/v2\/users\/1"}],"replies":[{"embeddable":true,"href":"https:\/\/iblackner.de\/index.php?rest_route=%2Fwp%2Fv2%2Fcomments&post=34"}],"version-history":[{"count":218,"href":"https:\/\/iblackner.de\/index.php?rest_route=\/wp\/v2\/pages\/34\/revisions"}],"predecessor-version":[{"id":610,"href":"https:\/\/iblackner.de\/index.php?rest_route=\/wp\/v2\/pages\/34\/revisions\/610"}],"wp:attachment":[{"href":"https:\/\/iblackner.de\/index.php?rest_route=%2Fwp%2Fv2%2Fmedia&parent=34"}],"curies":[{"name":"wp","href":"https:\/\/api.w.org\/{rel}","templated":true}]}}