{"id":33,"date":"2020-04-08T20:03:05","date_gmt":"2020-04-08T20:03:05","guid":{"rendered":"http:\/\/iblackner.de\/?page_id=33"},"modified":"2020-04-09T13:42:37","modified_gmt":"2020-04-09T13:42:37","slug":"sachverstaendigenleistungen","status":"publish","type":"page","link":"https:\/\/iblackner.de\/?page_id=33","title":{"rendered":"Sachverst\u00e4ndigenleistungen"},"content":{"rendered":"\n<p><strong>Nichtamtliche freiberufliche Sachverst\u00e4ndigendienstleistungen<\/strong>:<\/p>\n\n\n\n<ul class=\"wp-block-list\"><li>Fahrzeugschadengutachten<\/li><li>Fahrzeugbewertungen<\/li><li>Oldtimer Wertgutachten<\/li><li>G 607 (Gaspr\u00fcfungen)<\/li><li>UVV Pr\u00fcfung (Fahrzeuge, Hubladeb\u00fchnen, Pannenhilfsfahrzeuge, Aufsetzladekran)<\/li><\/ul>\n\n\n\n<p><\/p>\n","protected":false},"excerpt":{"rendered":"<p>Nichtamtliche freiberufliche Sachverst\u00e4ndigendienstleistungen: Fahrzeugschadengutachten Fahrzeugbewertungen Oldtimer Wertgutachten G 607 (Gaspr\u00fcfungen) UVV Pr\u00fcfung (Fahrzeuge, Hubladeb\u00fchnen, Pannenhilfsfahrzeuge, Aufsetzladekran)<\/p>\n","protected":false},"author":1,"featured_media":0,"parent":0,"menu_order":0,"comment_status":"closed","ping_status":"closed","template":"","meta":{"footnotes":""},"class_list":["post-33","page","type-page","status-publish","hentry"],"_links":{"self":[{"href":"https:\/\/iblackner.de\/index.php?rest_route=\/wp\/v2\/pages\/33","targetHints":{"allow":["GET"]}}],"collection":[{"href":"https:\/\/iblackner.de\/index.php?rest_route=\/wp\/v2\/pages"}],"about":[{"href":"https:\/\/iblackner.de\/index.php?rest_route=\/wp\/v2\/types\/page"}],"author":[{"embeddable":true,"href":"https:\/\/iblackner.de\/index.php?rest_route=\/wp\/v2\/users\/1"}],"replies":[{"embeddable":true,"href":"https:\/\/iblackner.de\/index.php?rest_route=%2Fwp%2Fv2%2Fcomments&post=33"}],"version-history":[{"count":8,"href":"https:\/\/iblackner.de\/index.php?rest_route=\/wp\/v2\/pages\/33\/revisions"}],"predecessor-version":[{"id":175,"href":"https:\/\/iblackner.de\/index.php?rest_route=\/wp\/v2\/pages\/33\/revisions\/175"}],"wp:attachment":[{"href":"https:\/\/iblackner.de\/index.php?rest_route=%2Fwp%2Fv2%2Fmedia&parent=33"}],"curies":[{"name":"wp","href":"https:\/\/api.w.org\/{rel}","templated":true}]}}