{"id":153,"date":"2020-04-08T20:03:05","date_gmt":"2020-04-08T20:03:05","guid":{"rendered":"http:\/\/iblackner.de\/?page_id=153"},"modified":"2020-05-14T14:33:53","modified_gmt":"2020-05-14T14:33:53","slug":"amtliche-dienstleistungen","status":"publish","type":"page","link":"https:\/\/iblackner.de\/?page_id=153","title":{"rendered":"Amtliche Dienstleistungen"},"content":{"rendered":"\r\n<p><strong>Amtliche Dienstleistungen als GT\u00dc-Partner:<\/strong><\/p>\r\n\r\n\r\n\r\n<ul class=\"wp-block-list\">\r\n<li>Hauptuntersuchung mit Abgasuntersuchung (&#8222;AU \/ UMA&#8220;) gem. \u00a7 29 StVZO<\/li>\r\n<li>BOKraft-Pr\u00fcfung f\u00fcr Taxi \/ Bus<\/li>\r\n<li>Gaspr\u00fcfungen GSP \/ GAP \/ GWP<\/li>\r\n<li>Anbaupr\u00fcfung \/ \u00c4nderungsabnahme gem. \u00a7 19 (3) StVZO<\/li>\r\n<li>LKW Sicherheitspr\u00fcfungen (SP)<\/li>\r\n<li>Oldtimerbegutachtungen f\u00fcr die H-Zulassung<\/li>\r\n<li>Tempo 100 f\u00fcr Anh\u00e4nger<\/li>\r\n<li>ADR<\/li>\r\n<li>Schadstoffplakette f\u00fcr Umweltzonen<\/li>\r\n<\/ul>\r\n\r\n\r\n\r\n<p>&nbsp;<\/p>\r\n","protected":false},"excerpt":{"rendered":"<p>Amtliche Dienstleistungen als GT\u00dc-Partner: Hauptuntersuchung mit Abgasuntersuchung (&#8222;AU \/ UMA&#8220;) gem. \u00a7 29 StVZO BOKraft-Pr\u00fcfung f\u00fcr Taxi \/ Bus Gaspr\u00fcfungen GSP \/ GAP \/ GWP Anbaupr\u00fcfung \/ \u00c4nderungsabnahme gem. \u00a7 19 (3) StVZO LKW Sicherheitspr\u00fcfungen (SP) Oldtimerbegutachtungen f\u00fcr die H-Zulassung Tempo 100 f\u00fcr Anh\u00e4nger ADR Schadstoffplakette f\u00fcr Umweltzonen &nbsp;<\/p>\n","protected":false},"author":1,"featured_media":0,"parent":0,"menu_order":0,"comment_status":"closed","ping_status":"closed","template":"","meta":{"footnotes":""},"class_list":["post-153","page","type-page","status-publish","hentry"],"_links":{"self":[{"href":"https:\/\/iblackner.de\/index.php?rest_route=\/wp\/v2\/pages\/153","targetHints":{"allow":["GET"]}}],"collection":[{"href":"https:\/\/iblackner.de\/index.php?rest_route=\/wp\/v2\/pages"}],"about":[{"href":"https:\/\/iblackner.de\/index.php?rest_route=\/wp\/v2\/types\/page"}],"author":[{"embeddable":true,"href":"https:\/\/iblackner.de\/index.php?rest_route=\/wp\/v2\/users\/1"}],"replies":[{"embeddable":true,"href":"https:\/\/iblackner.de\/index.php?rest_route=%2Fwp%2Fv2%2Fcomments&post=153"}],"version-history":[{"count":5,"href":"https:\/\/iblackner.de\/index.php?rest_route=\/wp\/v2\/pages\/153\/revisions"}],"predecessor-version":[{"id":212,"href":"https:\/\/iblackner.de\/index.php?rest_route=\/wp\/v2\/pages\/153\/revisions\/212"}],"wp:attachment":[{"href":"https:\/\/iblackner.de\/index.php?rest_route=%2Fwp%2Fv2%2Fmedia&parent=153"}],"curies":[{"name":"wp","href":"https:\/\/api.w.org\/{rel}","templated":true}]}}